{"id":85869,"date":"2021-04-02T08:05:57","date_gmt":"2021-04-02T07:05:57","guid":{"rendered":"https:\/\/garten-zwerg.at\/product\/cbd-tropfen-24-10ml\/"},"modified":"2023-09-26T14:48:24","modified_gmt":"2023-09-26T13:48:24","slug":"cbd-tropfen-24-10ml","status":"publish","type":"product","link":"https:\/\/garten-zwerg.at\/de\/produkt\/cbd-tropfen-24-10ml\/","title":{"rendered":"CBD Tropfen 24% [10ml]"},"content":{"rendered":"<p><strong>ERBETIX CBD-Tropfen<\/strong> werden aus hochwertigem Hanfextrakt (Cannabis sativa) und Raps\u00f6l hergestellt, das speziell f\u00fcr einen besseren Geschmack und eine bessere Absorption ausgew\u00e4hlt wurde.<\/p>\n<p><strong>EIGENSCHAFTEN:<\/strong><\/p>\n<ul class=\"alineja\">\n<li>durch die fortschrittlichste Extraktionsmethode erhalten, wobei ein m\u00f6glichst breites Spektrum an Terpenen und Cannabinoiden erhalten bleibt<\/li>\n<li>Aufgrund ihres niedrigen THC-Gehalts wirken sie nicht psychoaktiv<\/li>\n<li>in Slowenien hergestellt und abgef\u00fcllt<\/li>\n<li>Das Produkt ist im Labor getestet und entspricht den strengen europ\u00e4ischen Vorschriften<\/li>\n<li>frei von GVO, Gluten, k\u00fcnstlichen Farbstoffen und Aromen<\/li>\n<li>ein Produkt f\u00fcr Veganer<\/li>\n<\/ul>\n<p><strong>GEBRAUCHSANWEISUNG:<\/strong><\/p>\n<ul class=\"alineja\">\n<li>Eine Pipette sorgt f\u00fcr eine sichere und genaue Dosierung<\/li>\n<li>1 Tropfen = 8mg CBD<\/li>\n<li>Verwenden Sie das Produkt nach Bedarf mehrmals t\u00e4glich<\/li>\n<li>Die Dosierung h\u00e4ngt vom Organismus jedes Einzelnen ab<\/li>\n<li>Bei \u00dcberempfindlichkeit die Einnahme abbrechen<\/li>\n<li>An einem dunklen und k\u00fchlen Ort aufbewahren<\/li>\n<li>Von Kindern fern halten<\/li>\n<li>Haltbarkeit: 18 Monate<\/li>\n<\/ul>\n","protected":false},"excerpt":{"rendered":"<p>CBD-Tropfen sind ein nat\u00fcrlicher Extrakt bzw. Extrakt aus biologisch angebautem Hanf das den vollst\u00e4ndigen Spektrum an Wirkstoffen (Cannabinoiden) beinhaltet, die in kaltgepresstem Raps\u00f6l gel\u00f6st sind, wobei der Schwerpunkt auf einer h\u00f6heren Konzentration von Cannabidiol (CBD) liegt.<\/p>\n<ul class=\"alineja\">\n<li><strong>1 (Tropfen) = 8mg CBD<\/strong><\/li>\n<li><strong>THC &lt;0,2%, wirkt nicht psychoaktiv<\/strong><\/li>\n<li><strong>aus biologischem Anbau mit vollem Pflanzenspektrum<\/strong><\/li>\n<li><strong>Slowenisches Produkt<\/strong><\/li>\n<\/ul>\n","protected":false},"featured_media":85777,"comment_status":"closed","ping_status":"closed","template":"","meta":[],"product_brand":[],"product_cat":[803,802],"product_tag":[],"class_list":{"0":"post-85869","1":"product","2":"type-product","3":"status-publish","4":"has-post-thumbnail","6":"product_cat-cbd-tropfen","7":"product_cat-cbdshop-de","9":"first","10":"instock","11":"taxable","12":"shipping-taxable","13":"purchasable","14":"product-type-simple"},"aioseo_notices":[],"tiered_pricing_type":"fixed","tiered_pricing_fixed_rules":[],"tiered_pricing_product_settings":{"layout":"default","base_unit_name":{"singular":null,"plural":null},"default_variation":null},"tiered_pricing_minimum_quantity":null,"tiered_pricing_roles_data":[],"tiered_pricing_percentage_rules":[],"_links":{"self":[{"href":"https:\/\/garten-zwerg.at\/de\/wp-json\/wp\/v2\/product\/85869","targetHints":{"allow":["GET"]}}],"collection":[{"href":"https:\/\/garten-zwerg.at\/de\/wp-json\/wp\/v2\/product"}],"about":[{"href":"https:\/\/garten-zwerg.at\/de\/wp-json\/wp\/v2\/types\/product"}],"replies":[{"embeddable":true,"href":"https:\/\/garten-zwerg.at\/de\/wp-json\/wp\/v2\/comments?post=85869"}],"wp:featuredmedia":[{"embeddable":true,"href":"https:\/\/garten-zwerg.at\/de\/wp-json\/wp\/v2\/media\/85777"}],"wp:attachment":[{"href":"https:\/\/garten-zwerg.at\/de\/wp-json\/wp\/v2\/media?parent=85869"}],"wp:term":[{"taxonomy":"product_brand","embeddable":true,"href":"https:\/\/garten-zwerg.at\/de\/wp-json\/wp\/v2\/product_brand?post=85869"},{"taxonomy":"product_cat","embeddable":true,"href":"https:\/\/garten-zwerg.at\/de\/wp-json\/wp\/v2\/product_cat?post=85869"},{"taxonomy":"product_tag","embeddable":true,"href":"https:\/\/garten-zwerg.at\/de\/wp-json\/wp\/v2\/product_tag?post=85869"}],"curies":[{"name":"wp","href":"https:\/\/api.w.org\/{rel}","templated":true}]}}