{"id":94621,"date":"2025-09-30T16:05:18","date_gmt":"2025-09-30T15:05:18","guid":{"rendered":"https:\/\/garten-zwerg.at\/?page_id=94621"},"modified":"2026-03-17T11:32:52","modified_gmt":"2026-03-17T10:32:52","slug":"ergebnisse-der-tests-auf-pathogene","status":"publish","type":"page","link":"https:\/\/garten-zwerg.at\/de\/ergebnisse-der-tests-auf-pathogene\/","title":{"rendered":"Ergebnisse der Tests auf Pathogene"},"content":{"rendered":"<div class=\"wpb-content-wrapper\"><p>[vc_row wrap_container=&#8220;yes&#8220; css=&#8220;.vc_custom_1520146469968{margin-bottom: 30px !important;padding-top: 30px !important;padding-bottom: 30px !important;background-color: #ffffff !important;}&#8220;][vc_column][vc_single_image image=&#8220;94627&#8243; img_size=&#8220;full&#8220; alignment=&#8220;center&#8220; css=&#8220;&#8220; css_params=&#8220;&#8220;][vc_column_text css=&#8220;&#8220; css_params=&#8220;&#8220;]<\/p>\n<p style=\"text-align: center;\"><span style=\"font-size: 24px;\">Wir testen unsere Genetiken regelm\u00e4\u00dfig auf Krankheiten allen voran dem Hops Latent Viroid. Getestet von <a title=\"Altus Biolabs\" href=\"https:\/\/www.hanftest.at\/molekulare-analysen\/cannabis-viren-analyse\/\" target=\"_blank\" rel=\"noopener\">Altus Biolabs<\/a>.<\/span><\/p>\n<p>[\/vc_column_text][vc_column_text css=&#8220;.vc_custom_1773743562299{margin-top: 80px !important;}&#8220; css_params=&#8220;&#8220;]<\/p>\n<h2 style=\"text-align: center;\"><span style=\"font-size: 28px;\">HLVd Test batch Mar. 2026<\/span><\/h2>\n<p>[\/vc_column_text][vc_single_image image=&#8220;94956&#8243; img_size=&#8220;large&#8220; alignment=&#8220;center&#8220; onclick=&#8220;link_image&#8220; css=&#8220;&#8220; label=&#8220;&#8220; css_params=&#8220;&#8220;][vc_column_text css=&#8220;.vc_custom_1773323386724{margin-top: 80px !important;}&#8220; css_params=&#8220;&#8220;]<\/p>\n<h2 style=\"text-align: center;\"><span style=\"font-size: 28px;\">HLVd Test batch Feb. 2026<\/span><\/h2>\n<p>[\/vc_column_text][vc_single_image image=&#8220;94947&#8243; img_size=&#8220;large&#8220; alignment=&#8220;center&#8220; onclick=&#8220;link_image&#8220; css=&#8220;&#8220; css_params=&#8220;&#8220;][vc_column_text css=&#8220;.vc_custom_1771059827139{margin-top: 80px !important;}&#8220; css_params=&#8220;&#8220;]<\/p>\n<h2 style=\"text-align: center;\"><span style=\"font-size: 28px;\">HLVd Test batch Jan. 2026<\/span><\/h2>\n<p>[\/vc_column_text][vc_single_image image=&#8220;94925&#8243; img_size=&#8220;large&#8220; alignment=&#8220;center&#8220; onclick=&#8220;link_image&#8220; css=&#8220;&#8220; css_params=&#8220;&#8220;][vc_column_text css=&#8220;.vc_custom_1771059871200{margin-top: 120px !important;}&#8220; css_params=&#8220;&#8220;]<\/p>\n<h2 style=\"text-align: center;\"><span style=\"font-size: 28px;\">HLVd Test batch Sep. 2025<\/span><\/h2>\n<p>[\/vc_column_text]<div class=\"porto-gallery has-ccols ccols-1 has-ccols-spacing ccols-sm-2 wpb_custom_dcba73ff00c575bf2d42b3c24a9f970b porto-gallery-grid align-items-start lightbox porto-ig-zoom\" data-lightbox-options=\"{&quot;delegate&quot;:&quot;a&quot;,&quot;mainClass&quot;:&quot;mfp-with-zoom&quot;,&quot;zoom&quot;:{&quot;enabled&quot;:true,&quot;duration&quot;:300},&quot;gallery&quot;:{&quot;enabled&quot;:true},&quot;type&quot;:&quot;image&quot;}\"><a href=\"https:\/\/garten-zwerg.at\/wp-content\/uploads\/2025\/09\/2025_09_26-HLVd-Erbetix_RX-scaled.jpg\"><figure><img decoding=\"async\" width=\"1810\" height=\"2560\" src=\"https:\/\/garten-zwerg.at\/wp-content\/uploads\/2025\/09\/2025_09_26-HLVd-Erbetix_RX-scaled.jpg\" class=\"attachment-full size-full\" alt=\"\" srcset=\"https:\/\/garten-zwerg.at\/wp-content\/uploads\/2025\/09\/2025_09_26-HLVd-Erbetix_RX-scaled.jpg 1810w, https:\/\/garten-zwerg.at\/wp-content\/uploads\/2025\/09\/2025_09_26-HLVd-Erbetix_RX-724x1024.jpg 724w, https:\/\/garten-zwerg.at\/wp-content\/uploads\/2025\/09\/2025_09_26-HLVd-Erbetix_RX-768x1086.jpg 768w, https:\/\/garten-zwerg.at\/wp-content\/uploads\/2025\/09\/2025_09_26-HLVd-Erbetix_RX-1086x1536.jpg 1086w, https:\/\/garten-zwerg.at\/wp-content\/uploads\/2025\/09\/2025_09_26-HLVd-Erbetix_RX-1448x2048.jpg 1448w, https:\/\/garten-zwerg.at\/wp-content\/uploads\/2025\/09\/2025_09_26-HLVd-Erbetix_RX-640x905.jpg 640w, https:\/\/garten-zwerg.at\/wp-content\/uploads\/2025\/09\/2025_09_26-HLVd-Erbetix_RX-400x566.jpg 400w, https:\/\/garten-zwerg.at\/wp-content\/uploads\/2025\/09\/2025_09_26-HLVd-Erbetix_RX-600x849.jpg 600w\" sizes=\"(max-width: 1810px) 100vw, 1810px\" \/><\/figure><\/a><a href=\"https:\/\/garten-zwerg.at\/wp-content\/uploads\/2025\/09\/2025_09_26-HLVd-Erbetix_MAC-scaled.jpg\"><figure><img decoding=\"async\" width=\"1810\" height=\"2560\" src=\"https:\/\/garten-zwerg.at\/wp-content\/uploads\/2025\/09\/2025_09_26-HLVd-Erbetix_MAC-scaled.jpg\" class=\"attachment-full size-full\" alt=\"\" srcset=\"https:\/\/garten-zwerg.at\/wp-content\/uploads\/2025\/09\/2025_09_26-HLVd-Erbetix_MAC-scaled.jpg 1810w, https:\/\/garten-zwerg.at\/wp-content\/uploads\/2025\/09\/2025_09_26-HLVd-Erbetix_MAC-724x1024.jpg 724w, https:\/\/garten-zwerg.at\/wp-content\/uploads\/2025\/09\/2025_09_26-HLVd-Erbetix_MAC-768x1086.jpg 768w, https:\/\/garten-zwerg.at\/wp-content\/uploads\/2025\/09\/2025_09_26-HLVd-Erbetix_MAC-1086x1536.jpg 1086w, https:\/\/garten-zwerg.at\/wp-content\/uploads\/2025\/09\/2025_09_26-HLVd-Erbetix_MAC-1448x2048.jpg 1448w, https:\/\/garten-zwerg.at\/wp-content\/uploads\/2025\/09\/2025_09_26-HLVd-Erbetix_MAC-640x905.jpg 640w, https:\/\/garten-zwerg.at\/wp-content\/uploads\/2025\/09\/2025_09_26-HLVd-Erbetix_MAC-400x566.jpg 400w, https:\/\/garten-zwerg.at\/wp-content\/uploads\/2025\/09\/2025_09_26-HLVd-Erbetix_MAC-600x849.jpg 600w\" sizes=\"(max-width: 1810px) 100vw, 1810px\" \/><\/figure><\/a><a href=\"https:\/\/garten-zwerg.at\/wp-content\/uploads\/2025\/09\/2025_09_26-HLVd-Erbetix_KC-scaled.jpg\"><figure><img decoding=\"async\" width=\"1810\" height=\"2560\" src=\"https:\/\/garten-zwerg.at\/wp-content\/uploads\/2025\/09\/2025_09_26-HLVd-Erbetix_KC-scaled.jpg\" class=\"attachment-full size-full\" alt=\"\" srcset=\"https:\/\/garten-zwerg.at\/wp-content\/uploads\/2025\/09\/2025_09_26-HLVd-Erbetix_KC-scaled.jpg 1810w, https:\/\/garten-zwerg.at\/wp-content\/uploads\/2025\/09\/2025_09_26-HLVd-Erbetix_KC-724x1024.jpg 724w, https:\/\/garten-zwerg.at\/wp-content\/uploads\/2025\/09\/2025_09_26-HLVd-Erbetix_KC-768x1086.jpg 768w, https:\/\/garten-zwerg.at\/wp-content\/uploads\/2025\/09\/2025_09_26-HLVd-Erbetix_KC-1086x1536.jpg 1086w, https:\/\/garten-zwerg.at\/wp-content\/uploads\/2025\/09\/2025_09_26-HLVd-Erbetix_KC-1448x2048.jpg 1448w, https:\/\/garten-zwerg.at\/wp-content\/uploads\/2025\/09\/2025_09_26-HLVd-Erbetix_KC-640x905.jpg 640w, https:\/\/garten-zwerg.at\/wp-content\/uploads\/2025\/09\/2025_09_26-HLVd-Erbetix_KC-400x566.jpg 400w, https:\/\/garten-zwerg.at\/wp-content\/uploads\/2025\/09\/2025_09_26-HLVd-Erbetix_KC-600x849.jpg 600w\" sizes=\"(max-width: 1810px) 100vw, 1810px\" \/><\/figure><\/a><a href=\"https:\/\/garten-zwerg.at\/wp-content\/uploads\/2025\/09\/2025_09_26-HLVd-Erbetix_GRC-scaled.jpg\"><figure><img decoding=\"async\" width=\"1810\" height=\"2560\" src=\"https:\/\/garten-zwerg.at\/wp-content\/uploads\/2025\/09\/2025_09_26-HLVd-Erbetix_GRC-scaled.jpg\" class=\"attachment-full size-full\" alt=\"\" srcset=\"https:\/\/garten-zwerg.at\/wp-content\/uploads\/2025\/09\/2025_09_26-HLVd-Erbetix_GRC-scaled.jpg 1810w, https:\/\/garten-zwerg.at\/wp-content\/uploads\/2025\/09\/2025_09_26-HLVd-Erbetix_GRC-724x1024.jpg 724w, https:\/\/garten-zwerg.at\/wp-content\/uploads\/2025\/09\/2025_09_26-HLVd-Erbetix_GRC-768x1086.jpg 768w, https:\/\/garten-zwerg.at\/wp-content\/uploads\/2025\/09\/2025_09_26-HLVd-Erbetix_GRC-1086x1536.jpg 1086w, https:\/\/garten-zwerg.at\/wp-content\/uploads\/2025\/09\/2025_09_26-HLVd-Erbetix_GRC-1448x2048.jpg 1448w, https:\/\/garten-zwerg.at\/wp-content\/uploads\/2025\/09\/2025_09_26-HLVd-Erbetix_GRC-640x905.jpg 640w, https:\/\/garten-zwerg.at\/wp-content\/uploads\/2025\/09\/2025_09_26-HLVd-Erbetix_GRC-400x566.jpg 400w, https:\/\/garten-zwerg.at\/wp-content\/uploads\/2025\/09\/2025_09_26-HLVd-Erbetix_GRC-600x849.jpg 600w\" sizes=\"(max-width: 1810px) 100vw, 1810px\" \/><\/figure><\/a><a href=\"https:\/\/garten-zwerg.at\/wp-content\/uploads\/2025\/09\/2025_09_26-HLVd-Erbetix_GAR-scaled.jpg\"><figure><img decoding=\"async\" width=\"1810\" height=\"2560\" src=\"https:\/\/garten-zwerg.at\/wp-content\/uploads\/2025\/09\/2025_09_26-HLVd-Erbetix_GAR-scaled.jpg\" class=\"attachment-full size-full\" alt=\"\" srcset=\"https:\/\/garten-zwerg.at\/wp-content\/uploads\/2025\/09\/2025_09_26-HLVd-Erbetix_GAR-scaled.jpg 1810w, https:\/\/garten-zwerg.at\/wp-content\/uploads\/2025\/09\/2025_09_26-HLVd-Erbetix_GAR-724x1024.jpg 724w, https:\/\/garten-zwerg.at\/wp-content\/uploads\/2025\/09\/2025_09_26-HLVd-Erbetix_GAR-768x1086.jpg 768w, https:\/\/garten-zwerg.at\/wp-content\/uploads\/2025\/09\/2025_09_26-HLVd-Erbetix_GAR-1086x1536.jpg 1086w, https:\/\/garten-zwerg.at\/wp-content\/uploads\/2025\/09\/2025_09_26-HLVd-Erbetix_GAR-1448x2048.jpg 1448w, https:\/\/garten-zwerg.at\/wp-content\/uploads\/2025\/09\/2025_09_26-HLVd-Erbetix_GAR-640x905.jpg 640w, https:\/\/garten-zwerg.at\/wp-content\/uploads\/2025\/09\/2025_09_26-HLVd-Erbetix_GAR-400x566.jpg 400w, https:\/\/garten-zwerg.at\/wp-content\/uploads\/2025\/09\/2025_09_26-HLVd-Erbetix_GAR-600x849.jpg 600w\" sizes=\"(max-width: 1810px) 100vw, 1810px\" \/><\/figure><\/a><a href=\"https:\/\/garten-zwerg.at\/wp-content\/uploads\/2025\/09\/2025_09_26-HLVd-Erbetix_DTR-scaled.jpg\"><figure><img decoding=\"async\" width=\"1810\" height=\"2560\" src=\"https:\/\/garten-zwerg.at\/wp-content\/uploads\/2025\/09\/2025_09_26-HLVd-Erbetix_DTR-scaled.jpg\" class=\"attachment-full size-full\" alt=\"\" srcset=\"https:\/\/garten-zwerg.at\/wp-content\/uploads\/2025\/09\/2025_09_26-HLVd-Erbetix_DTR-scaled.jpg 1810w, https:\/\/garten-zwerg.at\/wp-content\/uploads\/2025\/09\/2025_09_26-HLVd-Erbetix_DTR-724x1024.jpg 724w, https:\/\/garten-zwerg.at\/wp-content\/uploads\/2025\/09\/2025_09_26-HLVd-Erbetix_DTR-768x1086.jpg 768w, https:\/\/garten-zwerg.at\/wp-content\/uploads\/2025\/09\/2025_09_26-HLVd-Erbetix_DTR-1086x1536.jpg 1086w, https:\/\/garten-zwerg.at\/wp-content\/uploads\/2025\/09\/2025_09_26-HLVd-Erbetix_DTR-1448x2048.jpg 1448w, https:\/\/garten-zwerg.at\/wp-content\/uploads\/2025\/09\/2025_09_26-HLVd-Erbetix_DTR-640x905.jpg 640w, https:\/\/garten-zwerg.at\/wp-content\/uploads\/2025\/09\/2025_09_26-HLVd-Erbetix_DTR-400x566.jpg 400w, https:\/\/garten-zwerg.at\/wp-content\/uploads\/2025\/09\/2025_09_26-HLVd-Erbetix_DTR-600x849.jpg 600w\" sizes=\"(max-width: 1810px) 100vw, 1810px\" \/><\/figure><\/a><a href=\"https:\/\/garten-zwerg.at\/wp-content\/uploads\/2025\/09\/2025_09_26-HLVd-Erbetix_CHF-scaled.jpg\"><figure><img decoding=\"async\" width=\"1810\" height=\"2560\" src=\"https:\/\/garten-zwerg.at\/wp-content\/uploads\/2025\/09\/2025_09_26-HLVd-Erbetix_CHF-scaled.jpg\" class=\"attachment-full size-full\" alt=\"\" srcset=\"https:\/\/garten-zwerg.at\/wp-content\/uploads\/2025\/09\/2025_09_26-HLVd-Erbetix_CHF-scaled.jpg 1810w, https:\/\/garten-zwerg.at\/wp-content\/uploads\/2025\/09\/2025_09_26-HLVd-Erbetix_CHF-724x1024.jpg 724w, https:\/\/garten-zwerg.at\/wp-content\/uploads\/2025\/09\/2025_09_26-HLVd-Erbetix_CHF-768x1086.jpg 768w, https:\/\/garten-zwerg.at\/wp-content\/uploads\/2025\/09\/2025_09_26-HLVd-Erbetix_CHF-1086x1536.jpg 1086w, https:\/\/garten-zwerg.at\/wp-content\/uploads\/2025\/09\/2025_09_26-HLVd-Erbetix_CHF-1448x2048.jpg 1448w, https:\/\/garten-zwerg.at\/wp-content\/uploads\/2025\/09\/2025_09_26-HLVd-Erbetix_CHF-640x905.jpg 640w, https:\/\/garten-zwerg.at\/wp-content\/uploads\/2025\/09\/2025_09_26-HLVd-Erbetix_CHF-400x566.jpg 400w, https:\/\/garten-zwerg.at\/wp-content\/uploads\/2025\/09\/2025_09_26-HLVd-Erbetix_CHF-600x849.jpg 600w\" sizes=\"(max-width: 1810px) 100vw, 1810px\" \/><\/figure><\/a><a href=\"https:\/\/garten-zwerg.at\/wp-content\/uploads\/2025\/09\/2025_09_26-HLVd-Erbetix_AB-scaled.jpg\"><figure><img decoding=\"async\" width=\"1810\" height=\"2560\" src=\"https:\/\/garten-zwerg.at\/wp-content\/uploads\/2025\/09\/2025_09_26-HLVd-Erbetix_AB-scaled.jpg\" class=\"attachment-full size-full\" alt=\"\" srcset=\"https:\/\/garten-zwerg.at\/wp-content\/uploads\/2025\/09\/2025_09_26-HLVd-Erbetix_AB-scaled.jpg 1810w, https:\/\/garten-zwerg.at\/wp-content\/uploads\/2025\/09\/2025_09_26-HLVd-Erbetix_AB-724x1024.jpg 724w, https:\/\/garten-zwerg.at\/wp-content\/uploads\/2025\/09\/2025_09_26-HLVd-Erbetix_AB-768x1086.jpg 768w, https:\/\/garten-zwerg.at\/wp-content\/uploads\/2025\/09\/2025_09_26-HLVd-Erbetix_AB-1086x1536.jpg 1086w, https:\/\/garten-zwerg.at\/wp-content\/uploads\/2025\/09\/2025_09_26-HLVd-Erbetix_AB-1448x2048.jpg 1448w, https:\/\/garten-zwerg.at\/wp-content\/uploads\/2025\/09\/2025_09_26-HLVd-Erbetix_AB-640x905.jpg 640w, https:\/\/garten-zwerg.at\/wp-content\/uploads\/2025\/09\/2025_09_26-HLVd-Erbetix_AB-400x566.jpg 400w, https:\/\/garten-zwerg.at\/wp-content\/uploads\/2025\/09\/2025_09_26-HLVd-Erbetix_AB-600x849.jpg 600w\" sizes=\"(max-width: 1810px) 100vw, 1810px\" \/><\/figure><\/a><\/div>[\/vc_column][\/vc_row][vc_row wrap_container=&#8220;yes&#8220; el_class=&#8220;p-b-md&#8220; css=&#8220;.vc_custom_1613847695335{margin-right: 0px !important;margin-left: 0px !important;border-bottom-width: 1px !important;padding-top: 60px !important;padding-bottom: 30px !important;border-bottom-color: #e7e7e7 !important;border-bottom-style: solid !important;}&#8220;][vc_column width=&#8220;1\/3&#8243; animation_delay=&#8220;100&#8243; animation_type=&#8220;fadeInUp&#8220;]<div class=\"porto-sicon-box px-2 px-xl-4  wpb_custom_ebfe9eb09f50d3f1742f58ec54e19314 style_1 top-icon\"><div class=\"porto-sicon-top\"><div class=\"porto-just-icon-wrapper porto-icon advanced\" style=\"color:#ffffff;background:#547635;width:80px;height:80px;line-height:80px;border-radius:40px;font-size:35px;\"><i class=\"Simple-Line-Icons-earphones-alt\"><\/i><\/div><\/div><div class=\"porto-sicon-header\"><h3 class=\"porto-sicon-title\" style=\"font-weight:700;font-size:16px;color:#000000;\">KUNDEN-SUPPORT<\/h3><p style=\"font-weight:600;line-height:1.2;\">Brauchen Sie Hilfe?<\/p><\/div> <!-- header --><div class=\"porto-sicon-description\" style=\"font-size:13px;color:#687176;\">Wir k\u00fcmmern uns um unsere Kunden. Lassen Sie uns jederzeit wissen, wenn Sie Fragen oder Probleme haben.<\/div> <!-- description --><\/div><!-- porto-sicon-box -->[\/vc_column][vc_column width=&#8220;1\/3&#8243; animation_delay=&#8220;400&#8243; animation_type=&#8220;fadeInUp&#8220;]<div class=\"porto-sicon-box px-2 px-xl-4  wpb_custom_ebfe9eb09f50d3f1742f58ec54e19314 style_1 top-icon\"><div class=\"porto-sicon-top\"><div class=\"porto-just-icon-wrapper porto-icon advanced\" style=\"color:#ffffff;background:#547635;width:80px;height:80px;line-height:80px;border-radius:40px;font-size:35px;\"><i class=\"Simple-Line-Icons-credit-card\"><\/i><\/div><\/div><div class=\"porto-sicon-header\"><h3 class=\"porto-sicon-title\" style=\"font-weight:700;font-size:16px;color:#000000;\">GESICHERTE ZAHLUNG<\/h3><p style=\"font-weight:600;line-height:1.2;\">Sicher &amp; schnell<\/p><\/div> <!-- header --><div class=\"porto-sicon-description\" style=\"font-size:13px;color:#687176;\">Wir verwenden hochsichere Zahlungsprotokolle, um die Privatsph\u00e4re und den Schutz der Kundendaten zu gew\u00e4hrleisten.<\/div> <!-- description --><\/div><!-- porto-sicon-box -->[\/vc_column][vc_column width=&#8220;1\/3&#8243; animation_delay=&#8220;700&#8243; animation_type=&#8220;fadeInUp&#8220;]<div class=\"porto-sicon-box px-2 px-xl-4  wpb_custom_ebfe9eb09f50d3f1742f58ec54e19314 style_1 top-icon\"><div class=\"porto-sicon-top\"><div class=\"porto-just-icon-wrapper porto-icon advanced\" style=\"color:#ffffff;background:#547635;width:80px;height:80px;line-height:80px;border-radius:40px;font-size:35px;\"><i class=\"Simple-Line-Icons-action-undo\"><\/i><\/div><\/div><div class=\"porto-sicon-header\"><h3 class=\"porto-sicon-title\" style=\"font-weight:700;font-size:16px;color:#000000;\">R\u00dcCKSENDUNGEN<\/h3><p style=\"font-weight:600;line-height:1.2;\">Einfach &amp; kostenlos<\/p><\/div> <!-- header --><div class=\"porto-sicon-description\" style=\"font-size:13px;color:#687176;\">Wir bieten eine 14-t\u00e4gige kostenlose R\u00fcckgabe f\u00fcr gekaufte Online-Produkte. Geld-zur\u00fcck-Garantie.<\/div> <!-- description --><\/div><!-- porto-sicon-box -->[\/vc_column][\/vc_row]<\/p>\n<\/div>","protected":false},"excerpt":{"rendered":"<p>[vc_row wrap_container=&#8220;yes&#8220; css=&#8220;.vc_custom_1520146469968{margin-bottom: 30px !important;padding-top: 30px !important;padding-bottom: 30px !important;background-color: #ffffff !important;}&#8220;][vc_column][vc_single_image image=&#8220;94627&#8243; img_size=&#8220;full&#8220; alignment=&#8220;center&#8220; css=&#8220;&#8220; css_params=&#8220;&#8220;][vc_column_text css=&#8220;&#8220; css_params=&#8220;&#8220;] Wir testen unsere Genetiken regelm\u00e4\u00dfig auf Krankheiten allen voran dem Hops Latent Viroid. Getestet von Altus Biolabs. [\/vc_column_text][vc_column_text css=&#8220;.vc_custom_1773743562299{margin-top: 80px !important;}&#8220; css_params=&#8220;&#8220;] HLVd Test batch Mar. 2026 [\/vc_column_text][vc_single_image image=&#8220;94956&#8243; img_size=&#8220;large&#8220; alignment=&#8220;center&#8220; onclick=&#8220;link_image&#8220; css=&#8220;&#8220; label=&#8220;&#8220; css_params=&#8220;&#8220;][vc_column_text css=&#8220;.vc_custom_1773323386724{margin-top: 80px [&hellip;]<\/p>\n","protected":false},"author":1,"featured_media":0,"parent":0,"menu_order":0,"comment_status":"closed","ping_status":"closed","template":"","meta":{"footnotes":""},"class_list":["post-94621","page","type-page","status-publish","hentry"],"aioseo_notices":[],"_links":{"self":[{"href":"https:\/\/garten-zwerg.at\/de\/wp-json\/wp\/v2\/pages\/94621","targetHints":{"allow":["GET"]}}],"collection":[{"href":"https:\/\/garten-zwerg.at\/de\/wp-json\/wp\/v2\/pages"}],"about":[{"href":"https:\/\/garten-zwerg.at\/de\/wp-json\/wp\/v2\/types\/page"}],"author":[{"embeddable":true,"href":"https:\/\/garten-zwerg.at\/de\/wp-json\/wp\/v2\/users\/1"}],"replies":[{"embeddable":true,"href":"https:\/\/garten-zwerg.at\/de\/wp-json\/wp\/v2\/comments?post=94621"}],"version-history":[{"count":4,"href":"https:\/\/garten-zwerg.at\/de\/wp-json\/wp\/v2\/pages\/94621\/revisions"}],"predecessor-version":[{"id":94960,"href":"https:\/\/garten-zwerg.at\/de\/wp-json\/wp\/v2\/pages\/94621\/revisions\/94960"}],"wp:attachment":[{"href":"https:\/\/garten-zwerg.at\/de\/wp-json\/wp\/v2\/media?parent=94621"}],"curies":[{"name":"wp","href":"https:\/\/api.w.org\/{rel}","templated":true}]}}