{"id":19655,"date":"2021-03-18T10:04:26","date_gmt":"2021-03-18T09:04:26","guid":{"rendered":"https:\/\/garten-zwerg.at\/versand-u-zahlung\/"},"modified":"2025-04-09T18:28:30","modified_gmt":"2025-04-09T17:28:30","slug":"lieferung","status":"publish","type":"page","link":"https:\/\/garten-zwerg.at\/de\/lieferung\/","title":{"rendered":"Lieferung"},"content":{"rendered":"<h1 class=\"porto-heading\" style=\"\">Lieferung<\/h1>\n\n\n<p>Die Bestellung wird nach Zahlungseingang schnellstm\u00f6glich bearbeitet und versendet (Hinweis: Der Versand kann mehrere Werktage dauern). Unser Logistikpartner f\u00fcr \u00d6sterreich ist die \u00d6sterreichische Post AG, f\u00fcr Slowenien GLS. Wir versenden CBD-Produkte und Grow- zubeh\u00f6r in ganz \u00d6sterreich zum g\u00fcnstigen Preis \u2013 nur 4,50 Euro. F\u00fcr den Versand nach Slowenien zahlen Sie 4,50 Euro.<\/p>\n\n\n\n<p><\/p>\n\n\n\n<p>Versandkosten f\u00fcr CBD-Produkte und Grow-zubeh\u00f6r:<\/p>\n\n\n\n<figure class=\"wp-block-table is-style-stripes\"><table class=\"has-fixed-layout\"><thead><tr><th class=\"has-text-align-left\" data-align=\"left\"><strong>Land<\/strong><\/th><th class=\"has-text-align-left\" data-align=\"left\"><strong>Versandkosten<\/strong><\/th><\/tr><\/thead><tbody><tr><td class=\"has-text-align-left\" data-align=\"left\">\u00d6sterreich<\/td><td class=\"has-text-align-left\" data-align=\"left\">4,50 \u20ac<\/td><\/tr><tr><td class=\"has-text-align-left\" data-align=\"left\">Slowenien<\/td><td class=\"has-text-align-left\" data-align=\"left\">4,50 \u20ac<\/td><\/tr><tr><td class=\"has-text-align-left\" data-align=\"left\">Deutschland**<\/td><td class=\"has-text-align-left\" data-align=\"left\">6,90 \u20ac<\/td><\/tr><tr><td class=\"has-text-align-left\" data-align=\"left\">Belgien<\/td><td class=\"has-text-align-left\" data-align=\"left\">6,90 \u20ac<\/td><\/tr><tr><td class=\"has-text-align-left\" data-align=\"left\">Tschechische Republik<\/td><td class=\"has-text-align-left\" data-align=\"left\">6,90 \u20ac<\/td><\/tr><tr><td class=\"has-text-align-left\" data-align=\"left\">D\u00e4nemark<\/td><td class=\"has-text-align-left\" data-align=\"left\">6,90 \u20ac<\/td><\/tr><tr><td class=\"has-text-align-left\" data-align=\"left\">Estland<\/td><td class=\"has-text-align-left\" data-align=\"left\">6,90 \u20ac<\/td><\/tr><tr><td class=\"has-text-align-left\" data-align=\"left\">Finnland<\/td><td class=\"has-text-align-left\" data-align=\"left\">6,90 \u20ac<\/td><\/tr><tr><td class=\"has-text-align-left\" data-align=\"left\">Frankreich***<\/td><td class=\"has-text-align-left\" data-align=\"left\">6,90 \u20ac<\/td><\/tr><tr><td class=\"has-text-align-left\" data-align=\"left\">Griechenland<\/td><td class=\"has-text-align-left\" data-align=\"left\">6,90 \u20ac<\/td><\/tr><tr><td class=\"has-text-align-left\" data-align=\"left\">Italien<\/td><td class=\"has-text-align-left\" data-align=\"left\">6,90 \u20ac<\/td><\/tr><tr><td class=\"has-text-align-left\" data-align=\"left\">Irland<\/td><td class=\"has-text-align-left\" data-align=\"left\">6,90 \u20ac<\/td><\/tr><tr><td class=\"has-text-align-left\" data-align=\"left\">Lettland<\/td><td class=\"has-text-align-left\" data-align=\"left\">6,90 \u20ac<\/td><\/tr><tr><td class=\"has-text-align-left\" data-align=\"left\">Malta<\/td><td class=\"has-text-align-left\" data-align=\"left\">6,90 \u20ac<\/td><\/tr><tr><td class=\"has-text-align-left\" data-align=\"left\">Niederlande<\/td><td class=\"has-text-align-left\" data-align=\"left\">6,90 \u20ac<\/td><\/tr><tr><td class=\"has-text-align-left\" data-align=\"left\">Polen<\/td><td class=\"has-text-align-left\" data-align=\"left\">6,90 \u20ac<\/td><\/tr><tr><td class=\"has-text-align-left\" data-align=\"left\">Portugal<\/td><td class=\"has-text-align-left\" data-align=\"left\">6,90 \u20ac<\/td><\/tr><tr><td class=\"has-text-align-left\" data-align=\"left\">Schweden<\/td><td class=\"has-text-align-left\" data-align=\"left\">6,90 \u20ac<\/td><\/tr><tr><td class=\"has-text-align-left\" data-align=\"left\">Schweiz<\/td><td class=\"has-text-align-left\" data-align=\"left\">6,90 \u20ac<\/td><\/tr><tr><td class=\"has-text-align-left\" data-align=\"left\">Slowakei<\/td><td class=\"has-text-align-left\" data-align=\"left\">6,90 \u20ac<\/td><\/tr><tr><td class=\"has-text-align-left\" data-align=\"left\">Spanien<\/td><td class=\"has-text-align-left\" data-align=\"left\">6,90 \u20ac<\/td><\/tr><tr><td class=\"has-text-align-left\" data-align=\"left\">Ungarn<\/td><td class=\"has-text-align-left\" data-align=\"left\">6,90 \u20ac<\/td><\/tr><tr><td class=\"has-text-align-left\" data-align=\"left\">UK<\/td><td class=\"has-text-align-left\" data-align=\"left\">6,90 \u20ac<\/td><\/tr><tr><td class=\"has-text-align-left\" data-align=\"left\">Zypern<\/td><td class=\"has-text-align-left\" data-align=\"left\">6,90 \u20ac<\/td><\/tr><\/tbody><\/table><\/figure>\n\n\n\n<p><\/p>\n\n\n\n<p>Wir versenden Pflanzen nur in L\u00e4nder, in denen dies zul\u00e4ssig ist. Wir versenden diese ausschlie\u00dflich im Easyplug-Format.&nbsp; Die Kosten f\u00fcr den Versand von Pflanzen sind h\u00f6her, da sie eine spezielle Verpackung ben\u00f6tigen. Die Versandkosten f\u00fcr Pflanzen betragen innerhalb \u00d6sterreichs und Deutschlands:<\/p>\n\n\n\n<figure class=\"wp-block-table is-style-stripes\"><table class=\"has-fixed-layout\"><thead><tr><th class=\"has-text-align-left\" data-align=\"left\">Menge<\/th><th class=\"has-text-align-left\" data-align=\"left\">Pflanzenversand innerhalb \u00d6sterreichs<\/th><th class=\"has-text-align-left\" data-align=\"left\">Pflanzenversand nach Deutschland &nbsp;<\/th><\/tr><\/thead><tbody><tr><td class=\"has-text-align-left\" data-align=\"left\">bis 10 Pflanzen<\/td><td class=\"has-text-align-left\" data-align=\"left\">11,27 \u20ac<\/td><td class=\"has-text-align-left\" data-align=\"left\">11,6 \u20ac<\/td><\/tr><tr><td class=\"has-text-align-left\" data-align=\"left\">11 bis 30 Pflanzen<\/td><td class=\"has-text-align-left\" data-align=\"left\">12,44 \u20ac<\/td><td class=\"has-text-align-left\" data-align=\"left\">15,30 \u20ac<\/td><\/tr><tr><td class=\"has-text-align-left\" data-align=\"left\">31 bis 50 Pflanzen<\/td><td class=\"has-text-align-left\" data-align=\"left\">13,58 \u20ac<\/td><td class=\"has-text-align-left\" data-align=\"left\">18,30 \u20ac<\/td><\/tr><tr><td class=\"has-text-align-left\" data-align=\"left\">51 bis 70 Pflanzen<\/td><td class=\"has-text-align-left\" data-align=\"left\">17,06 \u20ac<\/td><td class=\"has-text-align-left\" data-align=\"left\">22,50 \u20ac<\/td><\/tr><\/tbody><\/table><\/figure>\n\n\n\n<p><\/p>\n\n\n\n<p>Ihr Paket kommt in einer neutralen und unauff\u00e4lligen Verpackung bei Ihnen an.<\/p>\n\n\n\n<p>Sollte Ihr Paket beim Transport offensichtlich besch\u00e4digt worden sein, nehmen Sie es bitte nicht vom Zusteller an. Bei Beanstandungen bitten wir Sie, uns ein Foto der Verpackung und des Produktes zu senden, damit wir Ihnen weiterhelfen k\u00f6nnen.<\/p>\n\n\n\n<p>* Die Versandkosten enthalten 20 % Mehrwertsteuer.<\/p>\n\n\n\n<p>**Bitte beachten Sie, dass wir bei Lieferungen auf die deutschen Inseln ggf. zus\u00e4tzliche Versandkosten berechnen m\u00fcssen *** Aus logistischen Gr\u00fcnden liefern wir nur auf das franz\u00f6sische Festland<\/p>\n","protected":false},"excerpt":{"rendered":"<p>Die Bestellung wird nach Zahlungseingang schnellstm\u00f6glich bearbeitet und versendet (Hinweis: Der Versand kann mehrere Werktage dauern). Unser Logistikpartner f\u00fcr \u00d6sterreich ist die \u00d6sterreichische Post AG, f\u00fcr Slowenien GLS. Wir versenden CBD-Produkte und Grow- zubeh\u00f6r in ganz \u00d6sterreich zum g\u00fcnstigen Preis \u2013 nur 4,50 Euro. F\u00fcr den Versand nach Slowenien zahlen Sie 4,50 Euro. Versandkosten f\u00fcr [&hellip;]<\/p>\n","protected":false},"author":1,"featured_media":0,"parent":0,"menu_order":0,"comment_status":"closed","ping_status":"closed","template":"","meta":{"footnotes":""},"class_list":["post-19655","page","type-page","status-publish","hentry"],"aioseo_notices":[],"_links":{"self":[{"href":"https:\/\/garten-zwerg.at\/de\/wp-json\/wp\/v2\/pages\/19655","targetHints":{"allow":["GET"]}}],"collection":[{"href":"https:\/\/garten-zwerg.at\/de\/wp-json\/wp\/v2\/pages"}],"about":[{"href":"https:\/\/garten-zwerg.at\/de\/wp-json\/wp\/v2\/types\/page"}],"author":[{"embeddable":true,"href":"https:\/\/garten-zwerg.at\/de\/wp-json\/wp\/v2\/users\/1"}],"replies":[{"embeddable":true,"href":"https:\/\/garten-zwerg.at\/de\/wp-json\/wp\/v2\/comments?post=19655"}],"version-history":[{"count":0,"href":"https:\/\/garten-zwerg.at\/de\/wp-json\/wp\/v2\/pages\/19655\/revisions"}],"wp:attachment":[{"href":"https:\/\/garten-zwerg.at\/de\/wp-json\/wp\/v2\/media?parent=19655"}],"curies":[{"name":"wp","href":"https:\/\/api.w.org\/{rel}","templated":true}]}}