{"id":19640,"date":"2021-03-18T09:54:48","date_gmt":"2021-03-18T08:54:48","guid":{"rendered":"https:\/\/garten-zwerg.at\/agb\/"},"modified":"2023-10-09T10:55:06","modified_gmt":"2023-10-09T09:55:06","slug":"agb","status":"publish","type":"page","link":"https:\/\/garten-zwerg.at\/de\/agb\/","title":{"rendered":"AGB"},"content":{"rendered":"<h1 class=\"porto-heading\" style=\"\">AGB<\/h1>\n\n\n<p>Allgemeine Gesch\u00e4ftsbedingungen<\/p>\n\n\n\n<p><strong>\u00a7 1 Allgemeines<\/strong><\/p>\n\n\n\n<p>Alle Lieferungen und Leistungen der Firma ERBETIX GmbH, auch im Rahmen des Onlineshops www.garten-zwerg.at, erfolgen ausschlie\u00dflich auf Grundlage der nachfolgenden allgemeinen Gesch\u00e4ftsbedingungen (AGB), mit denen sich der Kunde\/die Kundin bei Auftragserteilung einverstanden erkl\u00e4rt. Allgemeine Gesch\u00e4ftsbedingungen des Vertragspartners gelten, sofern dieser Unternehmer ist, nur im Falle schriftlicher Best\u00e4tigung durch die Firma ERBETIX GmbH<\/p>\n\n\n\n<p><strong>\u00a7 2 Preise<\/strong><\/p>\n\n\n\n<p>Alle auf dieser Website, sowie in unseren Preislisten angegebenen Preise verstehen sich in Euro inkl. der in \u00d6sterreich vorgeschriebenen gesetzlichen Mehrwertsteuer von 10%\/13%\/20%, sowie exklusive eventuell anfallender Versandkosten.&nbsp;<\/p>\n\n\n\n<p>\u00c4nderungen und Irrt\u00fcmer vorbehalten.<\/p>\n\n\n\n<p>F\u00fcr den Versand gelten immer die Preise, die beim Bestellzeitpunkt angegeben waren.<\/p>\n\n\n\n<p><strong>\u00a7 3 Bestellungen<\/strong><\/p>\n\n\n\n<p>Eine eingehende Bestellung des Kunden\/der Kundin wird als Angebot zum Versand betrachtet, die Firma ERBETIX GmbH beh\u00e4lt sich vor, Lieferungen ohne Angabe von Gr\u00fcnden nicht vorzunehmen.<\/p>\n\n\n\n<p>Der Kunde\/die Kundin erkennt mit der Bestellung an, dass er\/sie mindestens 18 Jahre alt ist.<\/p>\n\n\n\n<p><strong>\u00a7 4 Rechtslage<\/strong><\/p>\n\n\n\n<p>Mit der Bestellung erkl\u00e4rt der Kunde\/die Kundin, dass ihm die jeweilige Rechtslage bekannt ist. Sollte der Kunde die in seinem Land g\u00fcltigen Gesetze \u00fcbertreten, erkennt er hiermit an, dass die Firma ERBETIX GmbH nicht die Verantwortung daf\u00fcr \u00fcbernimmt.<\/p>\n\n\n\n<p><strong>\u00a7 5 Lieferung<\/strong><\/p>\n\n\n\n<p>Die Lieferung erfolgt im Regelfall innerhalb ca. 3 Werktagen nach Auftragseingang, sofern die bestellten Artikel lagernd sind. Die angegebene Versanddauer von 3 Tagen im Inland, sowie 7 Tagen ins Ausland gelten ohne Gew\u00e4hr, die Firma ERBETIX GmbH erkennt f\u00fcr Verz\u00f6gerungen, die nicht in ihrem Einflussbereich liegen keine Schadensersatzanspr\u00fcche an.<\/p>\n\n\n\n<p>Die Lieferung erfolgt in neutralen Verpackungen, auf Bruchsicherheit wird geachtet. Sofern nicht anders angegeben, tr\u00e4gt der Kunde die Kosten f\u00fcr den Post- oder Paketversand und entsprechende Zusatzgeb\u00fchren (Nachnahmegeb\u00fchr) sowie f\u00fcr eventuell anfallende Zollgeb\u00fchren.<\/p>\n\n\n\n<p><strong>\u00a7 6 Zahlungsbedingungen<\/strong><\/p>\n\n\n\n<p>Die Zahlung erfolgt per Nachnahme, Vorauskassa bzw. Kreditkartenzahlung.&nbsp;<\/p>\n\n\n\n<p>Die Ware bleibt bis zur vollst\u00e4ndigen Bezahlung Eigentum der Firma ERBETIX GmbH, bis zu diesem Zeitpunkt hat der Kunde daf\u00fcr zu sorgen, dass die Artikel so behandelt werden, dass keine Wertminderung eintritt.<\/p>\n\n\n\n<p><strong>\u00a7 7 Schadensf\u00e4lle \/ Gew\u00e4hrleistung<\/strong><\/p>\n\n\n\n<p>Der Gefahren\u00fcbergang findet mit der \u00dcbergabe der Ware an das entsprechende Post- oder Transportunternehmen statt.&nbsp;<\/p>\n\n\n\n<p>Bei der \u00dcbernahme verpflichtet sich der Kunde, das Paket auf Transportsch\u00e4den zu untersuchen. Sollte das Paket besch\u00e4digt sein, bitten wir darum, das Paket nicht anzunehmen. Die Firma ERBETIX GmbH haftet nicht f\u00fcr vom Transportunternehmen verschuldete Besch\u00e4digungen!<\/p>\n\n\n\n<p>Der Kunde hat die Ware nach dem \u00d6ffnen auf Funktionst\u00fcchtigkeit zu untersuchen, offene M\u00e4ngel m\u00fcssen binnen 7 Tagen nach Erhalt der Ware reklamiert werden, versteckte M\u00e4ngel binnen 14 Tagen, ansonsten verf\u00e4llt die Gew\u00e4hrleistung f\u00fcr diese Sch\u00e4den. Geringf\u00fcgige Abweichungen von Angaben des Herstellers oder im Onlineshop www.garten-zwerg.at bleiben vorbehalten, sofern diese die Funktionst\u00fcchtigkeit des Artikels nicht beeintr\u00e4chtigen.<\/p>\n\n\n\n<p>Ansonsten besteht auf alle technischen Ger\u00e4te eine Gew\u00e4hrleistungsfrist von 6 Monaten ab Rechnungsdatum.<\/p>\n\n\n\n<p>Auf Lebendware wie Pflanzen wir keine Gew\u00e4hrleistung f\u00fcr den Versand geben.<\/p>\n\n\n\n<p><strong>\u00a7 8 R\u00fccktrittsrecht<\/strong><\/p>\n\n\n\n<p>Dem Kunden steht laut KschG ein R\u00fccktrittsrecht auf nicht benutzte oder nicht ge\u00f6ffnete Ware zu, das er innerhalb von 14 Tagen nach Erhalt der Ware schriftlich geltend machen muss. Das R\u00fccktrittsrecht in dieser Form gilt nur f\u00fcr den Online-Shop.&nbsp;<\/p>\n\n\n\n<p>Retouren sind ausreichend frankiert an folgende Adresse zu senden:<\/p>\n\n\n\n<p>ERBETIX GmbH<br>Gewerbepark B 5<br>8490 Bad Radkersburg<br>Tel.:&nbsp;<a href=\"http:\/\/tel.:%20+43%20680%201555686\/\">+43 680 1555686<\/a><br>E-Mail:&nbsp;<a href=\"mailto:shop@garten-zwerg.at\">shop@garten-zwerg.at<\/a><\/p>\n\n\n\n<p>Der Kaufpreis wird, sofern der Wert der Ware nicht gemindert wurde, zur\u00fcckerstattet.<\/p>\n\n\n\n<p><strong>\u00a7 9 Links<\/strong><\/p>\n\n\n\n<p>Die Firma ERBETIX GmbH distanziert sich ausdr\u00fccklich von den Inhalten der Links, die auf unserem Webauftritt zu finden sind.<\/p>\n\n\n\n<p><strong>\u00a7 10 Eingetragene Warenzeichen<\/strong><\/p>\n\n\n\n<p>Die Logos und Marken der auf unseren Webauftritt repr\u00e4sentierten Firmen sowie deren Produktbezeichnungen sind Warenzeichen bzw. eingetragene Warenzeichen der jeweiligen Firmen.<\/p>\n\n\n\n<p>Alle Produktbeschreibungen und Fotos stammen \u2013 soweit nicht anders angegeben \u2013 direkt von den Produzenten, deren Gro\u00dfhandel oder von ERBETIX GmbH S\u00e4mtliche Bilder, Logos und Schriftz\u00fcge d\u00fcrfen nicht ohne schriftliche Zustimmung verwendet werden.<\/p>\n","protected":false},"excerpt":{"rendered":"<p>Allgemeine Gesch\u00e4ftsbedingungen \u00a7 1 Allgemeines Alle Lieferungen und Leistungen der Firma ERBETIX GmbH, auch im Rahmen des Onlineshops www.garten-zwerg.at, erfolgen ausschlie\u00dflich auf Grundlage der nachfolgenden allgemeinen Gesch\u00e4ftsbedingungen (AGB), mit denen sich der Kunde\/die Kundin bei Auftragserteilung einverstanden erkl\u00e4rt. Allgemeine Gesch\u00e4ftsbedingungen des Vertragspartners gelten, sofern dieser Unternehmer ist, nur im Falle schriftlicher Best\u00e4tigung durch die Firma [&hellip;]<\/p>\n","protected":false},"author":1,"featured_media":0,"parent":0,"menu_order":0,"comment_status":"closed","ping_status":"closed","template":"","meta":{"footnotes":""},"class_list":["post-19640","page","type-page","status-publish","hentry"],"aioseo_notices":[],"_links":{"self":[{"href":"https:\/\/garten-zwerg.at\/de\/wp-json\/wp\/v2\/pages\/19640","targetHints":{"allow":["GET"]}}],"collection":[{"href":"https:\/\/garten-zwerg.at\/de\/wp-json\/wp\/v2\/pages"}],"about":[{"href":"https:\/\/garten-zwerg.at\/de\/wp-json\/wp\/v2\/types\/page"}],"author":[{"embeddable":true,"href":"https:\/\/garten-zwerg.at\/de\/wp-json\/wp\/v2\/users\/1"}],"replies":[{"embeddable":true,"href":"https:\/\/garten-zwerg.at\/de\/wp-json\/wp\/v2\/comments?post=19640"}],"version-history":[{"count":0,"href":"https:\/\/garten-zwerg.at\/de\/wp-json\/wp\/v2\/pages\/19640\/revisions"}],"wp:attachment":[{"href":"https:\/\/garten-zwerg.at\/de\/wp-json\/wp\/v2\/media?parent=19640"}],"curies":[{"name":"wp","href":"https:\/\/api.w.org\/{rel}","templated":true}]}}