{"id":19385,"date":"2021-03-09T13:06:48","date_gmt":"2021-03-09T12:06:48","guid":{"rendered":"https:\/\/garten-zwerg.at\/o-nas\/"},"modified":"2025-11-07T13:28:33","modified_gmt":"2025-11-07T12:28:33","slug":"ueber-uns","status":"publish","type":"page","link":"https:\/\/garten-zwerg.at\/de\/ueber-uns\/","title":{"rendered":"\u00dcber uns"},"content":{"rendered":"<div class=\"wpb-content-wrapper\"><p>[vc_row wrap_container=&#8220;yes&#8220; css=&#8220;.vc_custom_1520146469968{margin-bottom: 30px !important;padding-top: 30px !important;padding-bottom: 30px !important;background-color: #ffffff !important;}&#8220;][vc_column]<div class=\"porto-image-frame \"><img decoding=\"async\" alt=\"\" src=\"\/\/garten-zwerg.at\/wp-content\/uploads\/2018\/03\/PSX_20240905_134138-1-scaled.jpg\" class=\"img-responsive img-rounded\" width=\"2560\" height=\"1441\"><\/div>[vc_column_text css=&#8220;&#8220; css_params=&#8220;&#8220;]<\/p>\n<h2 style=\"margin-bottom: 0px;\"><span style=\"font-size: 18px;\">Unsere Geschichte<\/span><\/h2>\n<h1>GARTENZWERG<\/h1>\n<p>[\/vc_column_text][vc_column_text css=&#8220;&#8220; css_params=&#8220;&#8220;]GARTENZWERG ist eine Marke der ERBETIX GmbH die von Naturliebhabern und Experten auf dem Gebiet der Pflanzenz\u00fcchtung und -reproduktion gegr\u00fcndet wurde &#8211; Hanfstecklinge, CBD-Tropfen und Growshop.<\/p>\n<p>In unserem Sortiment bieten wir alles, was Sie brauchen, um Ihre Pflanzen zu echten Sch\u00f6nheiten zu machen.\u00a0Bei uns erhalten Sie eine gro\u00dfe Auswahl an Saatgut, beste Stecklinge, nat\u00fcrlichen D\u00fcngemitteln und Tehnologie f\u00fcr den Pflanzenanbau.<\/p>\n<p>Wir sind bekannt f\u00fcr eine reiche Auswahl an Hanfstecklingen, alten, bereits vergessenen Tomatensorten, und wir werden uns weiterhin um die Qualit\u00e4tserweiterung unseres Angebots k\u00fcmmern.<\/p>\n<p>Neben Pflanzen und deren Pflege bieten wir auch nat\u00fcrliche Produkte an, die zu Wohlbefinden und Gesundheit beitragen. Sie finden sie in Form von Tropfen und anderen Produkten.<\/p>\n<p>ERBETIX Vision ist es, Menschen zu helfen, sich besser zu f\u00fchlen, indem sie im Einklang mit der Natur handeln und so eine bessere Zukunft erm\u00f6glichen.[\/vc_column_text]<div class=\"porto-btn-ctn-left \"><a class=\"porto-btn porto-adjust-bottom-margin porto-btn-normal porto-btn-no-hover-bg   wpb_custom_b3b554daeb421e30d7e7c5e6ee463bb9  porto-btn-left \" title='Kontakt' rel='' href = \"https:\/\/garten-zwerg.at\/de\/kontakt\/\"  data-hover=\"\" data-border-color=\"\" data-bg=\"#57772b\" data-hover-bg=\"\" data-border-hover=\"\" data-shadow-click=\"none\" data-shadow=\"\" style=\"border:none;background: #57772b;color: var(--porto-light-color);\"><span class=\"porto-btn-hover\"><\/span><span class=\"porto-btn-data porto-btn-text \" >KONTAKT<\/span><\/a><\/div>[\/vc_column][\/vc_row][vc_row wrap_container=&#8220;yes&#8220; el_class=&#8220;p-b-md&#8220; css=&#8220;.vc_custom_1613847695335{margin-right: 0px !important;margin-left: 0px !important;border-bottom-width: 1px !important;padding-top: 60px !important;padding-bottom: 30px !important;border-bottom-color: #e7e7e7 !important;border-bottom-style: solid !important;}&#8220;][vc_column width=&#8220;1\/3&#8243; animation_delay=&#8220;100&#8243; animation_type=&#8220;fadeInUp&#8220;]<div class=\"porto-sicon-box px-2 px-xl-4  wpb_custom_ebfe9eb09f50d3f1742f58ec54e19314 style_1 top-icon\"><div class=\"porto-sicon-top\"><div class=\"porto-just-icon-wrapper porto-icon advanced\" style=\"color:#ffffff;background:#547635;width:80px;height:80px;line-height:80px;border-radius:40px;font-size:35px;\"><i class=\"Simple-Line-Icons-earphones-alt\"><\/i><\/div><\/div><div class=\"porto-sicon-header\"><h3 class=\"porto-sicon-title\" style=\"font-weight:700;font-size:16px;color:#000000;\">KUNDEN-SUPPORT<\/h3><p style=\"font-weight:600;line-height:1.2;\">Brauchen Sie Hilfe?<\/p><\/div> <!-- header --><div class=\"porto-sicon-description\" style=\"font-size:13px;color:#687176;\">Wir k\u00fcmmern uns um unsere Kunden. Lassen Sie uns jederzeit wissen, wenn Sie Fragen oder Probleme haben.<\/div> <!-- description --><\/div><!-- porto-sicon-box -->[\/vc_column][vc_column width=&#8220;1\/3&#8243; animation_delay=&#8220;400&#8243; animation_type=&#8220;fadeInUp&#8220;]<div class=\"porto-sicon-box px-2 px-xl-4  wpb_custom_ebfe9eb09f50d3f1742f58ec54e19314 style_1 top-icon\"><div class=\"porto-sicon-top\"><div class=\"porto-just-icon-wrapper porto-icon advanced\" style=\"color:#ffffff;background:#547635;width:80px;height:80px;line-height:80px;border-radius:40px;font-size:35px;\"><i class=\"Simple-Line-Icons-credit-card\"><\/i><\/div><\/div><div class=\"porto-sicon-header\"><h3 class=\"porto-sicon-title\" style=\"font-weight:700;font-size:16px;color:#000000;\">GESICHERTE ZAHLUNG<\/h3><p style=\"font-weight:600;line-height:1.2;\">Sicher &amp; schnell<\/p><\/div> <!-- header --><div class=\"porto-sicon-description\" style=\"font-size:13px;color:#687176;\">Wir verwenden hochsichere Zahlungsprotokolle, um die Privatsph\u00e4re und den Schutz der Kundendaten zu gew\u00e4hrleisten.<\/div> <!-- description --><\/div><!-- porto-sicon-box -->[\/vc_column][vc_column width=&#8220;1\/3&#8243; animation_delay=&#8220;700&#8243; animation_type=&#8220;fadeInUp&#8220;]<div class=\"porto-sicon-box px-2 px-xl-4  wpb_custom_ebfe9eb09f50d3f1742f58ec54e19314 style_1 top-icon\"><div class=\"porto-sicon-top\"><div class=\"porto-just-icon-wrapper porto-icon advanced\" style=\"color:#ffffff;background:#547635;width:80px;height:80px;line-height:80px;border-radius:40px;font-size:35px;\"><i class=\"Simple-Line-Icons-action-undo\"><\/i><\/div><\/div><div class=\"porto-sicon-header\"><h3 class=\"porto-sicon-title\" style=\"font-weight:700;font-size:16px;color:#000000;\">R\u00dcCKSENDUNGEN<\/h3><p style=\"font-weight:600;line-height:1.2;\">Einfach &amp; kostenlos<\/p><\/div> <!-- header --><div class=\"porto-sicon-description\" style=\"font-size:13px;color:#687176;\">Wir bieten eine 14-t\u00e4gige kostenlose R\u00fcckgabe f\u00fcr gekaufte Online-Produkte. Geld-zur\u00fcck-Garantie.<\/div> <!-- description --><\/div><!-- porto-sicon-box -->[\/vc_column][\/vc_row]<\/p>\n<\/div>","protected":false},"excerpt":{"rendered":"<p>[vc_row wrap_container=&#8220;yes&#8220; css=&#8220;.vc_custom_1520146469968{margin-bottom: 30px !important;padding-top: 30px !important;padding-bottom: 30px !important;background-color: #ffffff !important;}&#8220;][vc_column][vc_column_text css=&#8220;&#8220; css_params=&#8220;&#8220;] Unsere Geschichte GARTENZWERG [\/vc_column_text][vc_column_text css=&#8220;&#8220; css_params=&#8220;&#8220;]GARTENZWERG ist eine Marke der ERBETIX GmbH die von Naturliebhabern und Experten auf dem Gebiet der Pflanzenz\u00fcchtung und -reproduktion gegr\u00fcndet wurde &#8211; Hanfstecklinge, CBD-Tropfen und Growshop. In unserem Sortiment bieten wir alles, was Sie brauchen, um Ihre [&hellip;]<\/p>\n","protected":false},"author":1,"featured_media":0,"parent":0,"menu_order":0,"comment_status":"closed","ping_status":"closed","template":"","meta":{"footnotes":""},"class_list":["post-19385","page","type-page","status-publish","hentry"],"aioseo_notices":[],"_links":{"self":[{"href":"https:\/\/garten-zwerg.at\/de\/wp-json\/wp\/v2\/pages\/19385","targetHints":{"allow":["GET"]}}],"collection":[{"href":"https:\/\/garten-zwerg.at\/de\/wp-json\/wp\/v2\/pages"}],"about":[{"href":"https:\/\/garten-zwerg.at\/de\/wp-json\/wp\/v2\/types\/page"}],"author":[{"embeddable":true,"href":"https:\/\/garten-zwerg.at\/de\/wp-json\/wp\/v2\/users\/1"}],"replies":[{"embeddable":true,"href":"https:\/\/garten-zwerg.at\/de\/wp-json\/wp\/v2\/comments?post=19385"}],"version-history":[{"count":2,"href":"https:\/\/garten-zwerg.at\/de\/wp-json\/wp\/v2\/pages\/19385\/revisions"}],"predecessor-version":[{"id":94753,"href":"https:\/\/garten-zwerg.at\/de\/wp-json\/wp\/v2\/pages\/19385\/revisions\/94753"}],"wp:attachment":[{"href":"https:\/\/garten-zwerg.at\/de\/wp-json\/wp\/v2\/media?parent=19385"}],"curies":[{"name":"wp","href":"https:\/\/api.w.org\/{rel}","templated":true}]}}